{"id":21,"date":"2022-02-02T11:03:46","date_gmt":"2022-02-02T11:03:46","guid":{"rendered":"https:\/\/fridila.com\/?page_id=21"},"modified":"2022-03-18T07:13:06","modified_gmt":"2022-03-18T07:13:06","slug":"about-us","status":"publish","type":"page","link":"https:\/\/fridila.com\/br\/about-us\/","title":{"rendered":"Sobre N\u00f3s"},"content":{"rendered":"<blockquote><p><strong><em>Fridila &#8211; Moda Positiva \u00e9 a tend\u00eancia de moda e estilo de vida mais favor\u00e1vel!<\/em><\/strong><\/p><\/blockquote>\n<p><em><a href=\"https:\/\/fridila.com\/\">Fridila<\/a> \u00e9 um blog de moda que defende deixar as pessoas bem na moda e serem positivas com isso. Queremos orientar as mulheres para que se sintam bem com seu estilo de moda e como melhor\u00e1-lo \u00e0 medida que a moda evolui a cada esta\u00e7\u00e3o.<\/em><\/p>\n<p><em>Nosso objetivo \u00e9 nos tornar um guia excepcional para mulheres interessadas nas novas tend\u00eancias da moda em rela\u00e7\u00e3o \u00e0s \u00faltimas roupas, bolsas deslumbrantes, sapatos bonitos, joias e rel\u00f3gios de luxo, e tamb\u00e9m conselhos para uma vida saud\u00e1vel, pele bonita e impec\u00e1vel.<\/em><\/p>\n<p><em>O blog <a href=\"https:\/\/fridila.com\/\">Fridila.com<\/a> apresenta dicas e artigos \u00fateis sobre as \u00faltimas tend\u00eancias em <strong>moda<\/strong>, <strong>bolsas<\/strong>, <strong>sapatos<\/strong>, <strong>joias<\/strong> e <strong>rel\u00f3gios<\/strong>, <strong>cuidados com a pele e produtos de beleza<\/strong>.<\/em><\/p>\n","protected":false},"excerpt":{"rendered":"<p>Fridila &#8211; Moda Positiva \u00e9 a tend\u00eancia de moda e estilo de vida mais favor\u00e1vel! Fridila \u00e9 um blog de moda que defende deixar as pessoas bem na moda e&hellip;<\/p>\n","protected":false},"author":1,"featured_media":0,"parent":0,"menu_order":0,"comment_status":"closed","ping_status":"closed","template":"","meta":{"footnotes":""},"class_list":["post-21","page","type-page","status-publish"],"_links":{"self":[{"href":"https:\/\/fridila.com\/br\/wp-json\/wp\/v2\/pages\/21","targetHints":{"allow":["GET"]}}],"collection":[{"href":"https:\/\/fridila.com\/br\/wp-json\/wp\/v2\/pages"}],"about":[{"href":"https:\/\/fridila.com\/br\/wp-json\/wp\/v2\/types\/page"}],"author":[{"embeddable":true,"href":"https:\/\/fridila.com\/br\/wp-json\/wp\/v2\/users\/1"}],"replies":[{"embeddable":true,"href":"https:\/\/fridila.com\/br\/wp-json\/wp\/v2\/comments?post=21"}],"version-history":[{"count":3,"href":"https:\/\/fridila.com\/br\/wp-json\/wp\/v2\/pages\/21\/revisions"}],"predecessor-version":[{"id":554,"href":"https:\/\/fridila.com\/br\/wp-json\/wp\/v2\/pages\/21\/revisions\/554"}],"wp:attachment":[{"href":"https:\/\/fridila.com\/br\/wp-json\/wp\/v2\/media?parent=21"}],"curies":[{"name":"wp","href":"https:\/\/api.w.org\/{rel}","templated":true}]}}