{"id":21,"date":"2022-02-02T11:03:46","date_gmt":"2022-02-02T11:03:46","guid":{"rendered":"https:\/\/fridila.com\/de\/uber-uns"},"modified":"2022-03-26T12:30:38","modified_gmt":"2022-03-26T12:30:38","slug":"uber-uns","status":"publish","type":"page","link":"https:\/\/fridila.com\/de\/uber-uns\/","title":{"rendered":"\u00dcber uns"},"content":{"rendered":"<blockquote><p><em><strong><span><span class=\"\">Fridila \u2013 Positive Fashion ist die g\u00fcnstigsten Modetrends und Lifestyle!<\/span><\/span><\/strong><\/em><\/p><\/blockquote>\n<p><em><a href=\"https:\/\/fridila.com\" rel=\"\"><span>Fridila<\/span><\/a><span>\u00a0ist ein Modeblog, der sich daf\u00fcr einsetzt, Menschen in Mode zu bringen und positiv damit umzugehen.\u00a0Wir m\u00f6chten Frauen anleiten, damit sie sich in Bezug auf ihren Modestil wohlf\u00fchlen und wie sie ihn verbessern k\u00f6nnen, wenn sich die Mode von Saison zu Saison weiterentwickelt.\u00a0\u00a0<\/span><\/em><\/p>\n<p><em><span>Unser Ziel ist es, ein herausragender Ratgeber f\u00fcr Frauen zu werden, die sich f\u00fcr die neuen Modetrends in Bezug auf die neueste Kleidung, atemberaubende Handtaschen, sch\u00f6ne Schuhe, feinsten Schmuck und Luxusuhren sowie Ratschl\u00e4ge f\u00fcr ein gesundes Leben, sch\u00f6ne und makellose Haut interessieren.<\/span><\/em><\/p>\n<p><em><a href=\"https:\/\/fridila.com\" rel=\"\"><strong><span>Der Fridila.com-<\/span><\/strong><\/a><span>\u00a0Blog enth\u00e4lt Tipps und n\u00fctzliche Artikel \u00fcber die neuesten Trends in den<\/span><b><span>Mode, Handtaschen, Schuhe, Schmuck und Uhren, Hautpflege- und Sch\u00f6nheitsprodukte<\/span><\/b><\/em><\/p>\n","protected":false},"excerpt":{"rendered":"<p>Fridila \u2013 Positive Fashion ist die g\u00fcnstigsten Modetrends und Lifestyle! Fridila\u00a0ist ein Modeblog, der sich daf\u00fcr einsetzt, Menschen in Mode zu bringen und positiv damit umzugehen.\u00a0Wir m\u00f6chten Frauen anleiten, damit&hellip;<\/p>\n","protected":false},"author":1,"featured_media":0,"parent":0,"menu_order":0,"comment_status":"closed","ping_status":"closed","template":"","meta":{"footnotes":""},"class_list":["post-21","page","type-page","status-publish"],"_links":{"self":[{"href":"https:\/\/fridila.com\/de\/wp-json\/wp\/v2\/pages\/21","targetHints":{"allow":["GET"]}}],"collection":[{"href":"https:\/\/fridila.com\/de\/wp-json\/wp\/v2\/pages"}],"about":[{"href":"https:\/\/fridila.com\/de\/wp-json\/wp\/v2\/types\/page"}],"author":[{"embeddable":true,"href":"https:\/\/fridila.com\/de\/wp-json\/wp\/v2\/users\/1"}],"replies":[{"embeddable":true,"href":"https:\/\/fridila.com\/de\/wp-json\/wp\/v2\/comments?post=21"}],"version-history":[{"count":1,"href":"https:\/\/fridila.com\/de\/wp-json\/wp\/v2\/pages\/21\/revisions"}],"predecessor-version":[{"id":383,"href":"https:\/\/fridila.com\/de\/wp-json\/wp\/v2\/pages\/21\/revisions\/383"}],"wp:attachment":[{"href":"https:\/\/fridila.com\/de\/wp-json\/wp\/v2\/media?parent=21"}],"curies":[{"name":"wp","href":"https:\/\/api.w.org\/{rel}","templated":true}]}}