{"id":21,"date":"2022-02-02T11:03:46","date_gmt":"2022-02-02T11:03:46","guid":{"rendered":"https:\/\/fridila.com\/?page_id=21"},"modified":"2022-03-18T07:52:34","modified_gmt":"2022-03-18T07:52:34","slug":"about-us","status":"publish","type":"page","link":"https:\/\/fridila.com\/es\/about-us\/","title":{"rendered":"Sobre Nosotros"},"content":{"rendered":"<blockquote><p><em><strong>Fridila &#8211; Positive Fashion es la moda y el estilo de vida m\u00e1s favorables.<\/strong><\/em><\/p><\/blockquote>\n<p><em><a href=\"https:\/\/fridila.com\/\"><strong>Fridila<\/strong><\/a> es un blog de moda que aboga por poner a la gente bien a la moda y ser positiva con ello. Queremos guiar a las mujeres para que se sientan bien con su estilo de moda y c\u00f3mo mejorarlo a medida que la moda evoluciona cada temporada.<\/em><\/p>\n<p><em>Nuestro objetivo es convertirnos en una gu\u00eda destacada para las mujeres interesadas en las nuevas tendencias de la moda con respecto a la \u00faltima ropa, bolsos impresionantes, hermosos zapatos, las mejores joyas y relojes de lujo, y tambi\u00e9n consejos para una vida saludable, una piel hermosa e impecable.<\/em><\/p>\n<p><em>El blog de <a href=\"https:\/\/fridila.com\/\">Fridila.com<\/a> presenta consejos y art\u00edculos \u00fatiles sobre las \u00faltimas tendencias en <strong>moda<\/strong>, <strong>bolsos<\/strong>, <strong>zapatos<\/strong>, <strong>joyas<\/strong> y <strong>relojes<\/strong>, <strong>cuidado de la piel y productos de belleza<\/strong>.<\/em><\/p>\n","protected":false},"excerpt":{"rendered":"<p>Fridila &#8211; Positive Fashion es la moda y el estilo de vida m\u00e1s favorables. Fridila es un blog de moda que aboga por poner a la gente bien a la&hellip;<\/p>\n","protected":false},"author":1,"featured_media":0,"parent":0,"menu_order":0,"comment_status":"closed","ping_status":"closed","template":"","meta":{"footnotes":""},"class_list":["post-21","page","type-page","status-publish"],"_links":{"self":[{"href":"https:\/\/fridila.com\/es\/wp-json\/wp\/v2\/pages\/21","targetHints":{"allow":["GET"]}}],"collection":[{"href":"https:\/\/fridila.com\/es\/wp-json\/wp\/v2\/pages"}],"about":[{"href":"https:\/\/fridila.com\/es\/wp-json\/wp\/v2\/types\/page"}],"author":[{"embeddable":true,"href":"https:\/\/fridila.com\/es\/wp-json\/wp\/v2\/users\/1"}],"replies":[{"embeddable":true,"href":"https:\/\/fridila.com\/es\/wp-json\/wp\/v2\/comments?post=21"}],"version-history":[{"count":4,"href":"https:\/\/fridila.com\/es\/wp-json\/wp\/v2\/pages\/21\/revisions"}],"predecessor-version":[{"id":381,"href":"https:\/\/fridila.com\/es\/wp-json\/wp\/v2\/pages\/21\/revisions\/381"}],"wp:attachment":[{"href":"https:\/\/fridila.com\/es\/wp-json\/wp\/v2\/media?parent=21"}],"curies":[{"name":"wp","href":"https:\/\/api.w.org\/{rel}","templated":true}]}}