{"id":21,"date":"2022-02-02T11:03:46","date_gmt":"2022-02-02T11:03:46","guid":{"rendered":"https:\/\/fridila.com\/?page_id=21"},"modified":"2022-05-20T13:34:42","modified_gmt":"2022-05-20T13:34:42","slug":"about-us","status":"publish","type":"page","link":"https:\/\/fridila.com\/pl\/about-us\/","title":{"rendered":"O nas"},"content":{"rendered":"<blockquote><p><em><strong><span><span class=\"\">Fridila \u2013 Positive Fashion to najkorzystniejsze trendy w modzie i stylu \u017cycia!<\/span><\/span><\/strong><\/em><\/p><\/blockquote>\n<p><em><a href=\"https:\/\/translate.google.com\/website?sl=en&amp;tl=pl&amp;hl=en&amp;client=webapp&amp;u=https:\/\/fridila.com\/\" rel=\"\"><span>Fridila<\/span><\/a><span>\u00a0to blog modowy, kt\u00f3ry opowiada si\u0119 za tym, aby ludzie byli modni i byli z tym pozytywnie nastawieni.\u00a0<span class=\"goog-text-highlight\">Chcemy kierowa\u0107 kobietami, aby czu\u0142y si\u0119 dobrze ze swoim stylem mody i jak go ulepsza\u0107, gdy moda ewoluuje z ka\u017cdym sezonem.\u00a0\u00a0<\/span><\/span><\/em><\/p>\n<p><em><span>Chcemy sta\u0107 si\u0119 znakomitym przewodnikiem dla kobiet, kt\u00f3re interesuj\u0105 si\u0119 nowymi trendami w modzie w zakresie najnowszej odzie\u017cy, zachwycaj\u0105cych torebek, pi\u0119knych but\u00f3w, najlepszej bi\u017cuterii i luksusowych zegark\u00f3w, a tak\u017ce porad dotycz\u0105cych zdrowego trybu \u017cycia, pi\u0119knej i nieskazitelnej sk\u00f3ry.<\/span><\/em><\/p>\n<p><em><a href=\"https:\/\/translate.google.com\/website?sl=en&amp;tl=pl&amp;hl=en&amp;client=webapp&amp;u=https:\/\/fridila.com\/\" rel=\"\"><strong><span>Blog Fridila.com<\/span><\/strong><\/a><span>\u00a0zawiera wskaz\u00f3wki i przydatne artyku\u0142y dotycz\u0105ce najnowszych trend\u00f3w w<\/span><b><span>modzie, torebkach, butach, bi\u017cuterii i zegarkach, piel\u0119gnacji sk\u00f3ry i produktach kosmetycznych<\/span><\/b><\/em><\/p>\n","protected":false},"excerpt":{"rendered":"<p>Fridila \u2013 Positive Fashion to najkorzystniejsze trendy w modzie i stylu \u017cycia! Fridila\u00a0to blog modowy, kt\u00f3ry opowiada si\u0119 za tym, aby ludzie byli modni i byli z tym pozytywnie nastawieni.\u00a0Chcemy&hellip;<\/p>\n","protected":false},"author":1,"featured_media":0,"parent":0,"menu_order":0,"comment_status":"closed","ping_status":"closed","template":"","meta":{"footnotes":""},"class_list":["post-21","page","type-page","status-publish"],"_links":{"self":[{"href":"https:\/\/fridila.com\/pl\/wp-json\/wp\/v2\/pages\/21","targetHints":{"allow":["GET"]}}],"collection":[{"href":"https:\/\/fridila.com\/pl\/wp-json\/wp\/v2\/pages"}],"about":[{"href":"https:\/\/fridila.com\/pl\/wp-json\/wp\/v2\/types\/page"}],"author":[{"embeddable":true,"href":"https:\/\/fridila.com\/pl\/wp-json\/wp\/v2\/users\/1"}],"replies":[{"embeddable":true,"href":"https:\/\/fridila.com\/pl\/wp-json\/wp\/v2\/comments?post=21"}],"version-history":[{"count":1,"href":"https:\/\/fridila.com\/pl\/wp-json\/wp\/v2\/pages\/21\/revisions"}],"predecessor-version":[{"id":495,"href":"https:\/\/fridila.com\/pl\/wp-json\/wp\/v2\/pages\/21\/revisions\/495"}],"wp:attachment":[{"href":"https:\/\/fridila.com\/pl\/wp-json\/wp\/v2\/media?parent=21"}],"curies":[{"name":"wp","href":"https:\/\/api.w.org\/{rel}","templated":true}]}}